{"id":1055,"date":"2019-03-29T20:13:06","date_gmt":"2019-03-29T18:13:06","guid":{"rendered":"http:\/\/www.glossa.fi\/wp\/?page_id=1055"},"modified":"2019-03-29T20:13:07","modified_gmt":"2019-03-29T18:13:07","slug":"valoisa-keskiaika-2017","status":"publish","type":"page","link":"https:\/\/www.glossa.fi\/wp\/?page_id=1055","title":{"rendered":"Valoisa keskiaika 2017"},"content":{"rendered":"\n<h2>Vuoden 2017 Valoisa keskiaika -kunniamaininta Ravattulan Ristim\u00e4ki -hankkeelle<\/h2>\n\n\n\n<p>Glossa jakaa joka toinen vuosi Valoisa keskiaika -kunniamaininnan. T\u00e4ll\u00e4 seura haluaa kiitt\u00e4\u00e4 yksil\u00f6\u00e4 tai yhteis\u00f6\u00e4, joka on erityisesti toiminut keskiajan tuntemuksen ja tutkimuksen edist\u00e4miseksi. Samalla yhdistys haluaa kiinnitt\u00e4\u00e4 huomiota siihen, ett\u00e4 keskiaika ei ole &#8221;pime\u00e4&#8221; ajanjakso vaan aikakausi, jonka tuntemus on t\u00e4rke\u00e4\u00e4 nykyp\u00e4iv\u00e4nkin ymm\u00e4rt\u00e4miseksi.<\/p>\n\n\n\n<p>Vuonna 2017 Glossa ry jakaa palkinnon ensimm\u00e4ist\u00e4 kertaa yhteis\u00f6lle, ja sen saa <a href=\"http:\/\/www.ravattula.fi\">Ravattulan Ristim\u00e4ki -tutkimushanke<\/a>. Turun yliopiston arkeologian oppiaine on j\u00e4rjest\u00e4nyt Ravattulan Ristim\u00e4en alueella opetuskaivauksia vuodesta 2010 l\u00e4htien. Vuoden 2013 kaivauksissa l\u00f6ytyiv\u00e4t kirkon j\u00e4\u00e4nn\u00f6kset ristiretkiajan ja keskiajan taitteesta. Kirkon k\u00e4ytt\u00f6 ajoittuu 1100-luvun j\u00e4lkipuoliskolle ja 1200-luvun alkuun, eli ajalle ennen hiippakunta- ja seurakuntarakenteen vakiintumista Varsinais-Suomessa. Ristim\u00e4en muinaisj\u00e4\u00e4nn\u00f6s esinel\u00f6yt\u00f6ineen on koko Suomen mittakaavassa ainutlaatuinen l\u00f6yt\u00f6 ja toistaiseksi vanhin ja ainoa t\u00e4lle aikakaudelle sijoittuva kirkollinen rakennus maassamme.<\/p>\n\n\n\n<p>Tutkimushanke on rikastanut kuvaamme Suomen varhaiskeskiajasta, josta kirjalliset l\u00e4hteet ovat olemattomat ja arkeologisetkin l\u00e4hteet t\u00e4h\u00e4n menness\u00e4 niukat. Edetess\u00e4\u00e4n tutkimus p\u00e4ivitt\u00e4\u00e4 kuvaamme Suomen alueen kristillistymisest\u00e4. Hanke on yh\u00e4 kesken, mutta jo nyt on selv\u00e4\u00e4, ett\u00e4 se on yksi t\u00e4rkeimpi\u00e4 2000-luvun uusia avauksia Suomen keskiajan tutkimuksessa.<\/p>\n\n\n\n<p>Tieteellisten ansioiden lis\u00e4ksi Glossa ry haluaa kiitt\u00e4\u00e4 hankeen vet\u00e4ji\u00e4 heid\u00e4n periksiantamattomuudestaan keskiajantutkimuksen edist\u00e4misess\u00e4. Huolimatta kiistattomasta merkityksest\u00e4\u00e4n kaivaukset eiv\u00e4t olleet saaneet monivuotista tutkimusrahoitusta ennen Alfred Kordelinin s\u00e4\u00e4ti\u00f6n kev\u00e4\u00e4ll\u00e4 2017 my\u00f6nt\u00e4m\u00e4\u00e4 kolmivuotista, 250 000 euron apurahaa. Kaivauksia ja l\u00f6yt\u00f6jen tutkimusta tehtiinkin vuosia opetuskaivauksina ja pieneten avustusten ja lahjoitusten turvin, ja sen tueksi perustettiin Suomen muinaistutkimuksen tuki ry. Ristim\u00e4ki on my\u00f6s her\u00e4tt\u00e4nyt suuren yleis\u00f6n kiinnostuksen varhaiskeskiaikaan: kaivaukset ovat suosittu vierailukohde, ja vapaaehtoisia on osallistunut itse kaivaust\u00f6ihin.<\/p>\n\n\n\n<p>Kunniamaininta luovutettiin Dies Mediaevales -konferenssin yhteydess\u00e4 Tampereella perjantaina 17.11.2017 Ravattulan Ristim\u00e4ki -hankkeen johtajalle, arkeologian yliopisto-opettaja Juha Ruohoselle Turun yliopistosta. Kahden vuoden v\u00e4lein j\u00e4rjestett\u00e4v\u00e4n tieteellisen konferenssin j\u00e4rjest\u00e4j\u00e4n\u00e4 on t\u00e4ll\u00e4 kertaa Glossa ry:n ohella Tampereen yliopiston Yhteiskuntatieteiden tiedekunnan tutkimuskeskus Trivium \u2013 Tampere Centre for Classical, Medieval and Early Modern Studies.<\/p>\n","protected":false},"excerpt":{"rendered":"<p>Vuoden 2017 Valoisa keskiaika -kunniamaininta Ravattulan Ristim\u00e4ki -hankkeelle Glossa jakaa joka toinen vuosi Valoisa keskiaika -kunniamaininnan. T\u00e4ll\u00e4 seura haluaa kiitt\u00e4\u00e4 yksil\u00f6\u00e4 tai yhteis\u00f6\u00e4, joka on erityisesti toiminut keskiajan tuntemuksen ja tutkimuksen edist\u00e4miseksi. Samalla yhdistys haluaa kiinnitt\u00e4\u00e4 huomiota siihen, ett\u00e4 keskiaika ei ole &#8221;pime\u00e4&#8221; ajanjakso vaan aikakausi, jonka tuntemus on t\u00e4rke\u00e4\u00e4 nykyp\u00e4iv\u00e4nkin ymm\u00e4rt\u00e4miseksi. Vuonna 2017 Glossa [&hellip;]<\/p>\n","protected":false},"author":1,"featured_media":0,"parent":0,"menu_order":0,"comment_status":"closed","ping_status":"closed","template":"","meta":[],"_links":{"self":[{"href":"https:\/\/www.glossa.fi\/wp\/index.php?rest_route=\/wp\/v2\/pages\/1055"}],"collection":[{"href":"https:\/\/www.glossa.fi\/wp\/index.php?rest_route=\/wp\/v2\/pages"}],"about":[{"href":"https:\/\/www.glossa.fi\/wp\/index.php?rest_route=\/wp\/v2\/types\/page"}],"author":[{"embeddable":true,"href":"https:\/\/www.glossa.fi\/wp\/index.php?rest_route=\/wp\/v2\/users\/1"}],"replies":[{"embeddable":true,"href":"https:\/\/www.glossa.fi\/wp\/index.php?rest_route=%2Fwp%2Fv2%2Fcomments&post=1055"}],"version-history":[{"count":1,"href":"https:\/\/www.glossa.fi\/wp\/index.php?rest_route=\/wp\/v2\/pages\/1055\/revisions"}],"predecessor-version":[{"id":1057,"href":"https:\/\/www.glossa.fi\/wp\/index.php?rest_route=\/wp\/v2\/pages\/1055\/revisions\/1057"}],"wp:attachment":[{"href":"https:\/\/www.glossa.fi\/wp\/index.php?rest_route=%2Fwp%2Fv2%2Fmedia&parent=1055"}],"curies":[{"name":"wp","href":"https:\/\/api.w.org\/{rel}","templated":true}]}}