{"id":115,"date":"2015-04-22T23:21:36","date_gmt":"2015-04-22T20:21:36","guid":{"rendered":"http:\/\/www.glossa.fi\/wp\/?page_id=115"},"modified":"2026-01-21T13:39:22","modified_gmt":"2026-01-21T11:39:22","slug":"glossa-ry","status":"publish","type":"page","link":"https:\/\/www.glossa.fi\/wp\/?page_id=115","title":{"rendered":"Glossa ry"},"content":{"rendered":"<p>Glossa &#8211; S\u00e4llskapet f\u00f6r medeltidsforskning grundades \u00e5r 1996. Glossa betyder kommentar eller tolkning. F\u00f6reningens medlemmar utforskar, begrundar och kommenterar medeltiden multidisciplin\u00e4rt. I Glossa m\u00f6ts professionella medeltidsforskare och personer som \u00e4r intresserade av den aktuella forskningen. Glossas syfte \u00e4r att \u00f6ka kunskapen om det medeltida \u00d6st- och V\u00e4steuropa samt befr\u00e4mja forskningen och undervisningen om medeltiden i Finland. Vi \u00e4r \u00e4ven intresserade av alla medeltidsforskares och -studerandes gemensamma intressen. Glossa \u00e4r medlem av Vetenskapliga samfundens delegation.<\/p>\n<p><span lang=\"SV\">Glossa \u2013 S\u00e4llskapet f\u00f6r medeltidsforskning i Finland, ger ut <a href=\"https:\/\/journal.fi\/mirator\" target=\"_blank\" rel=\"noopener\">Mirator<\/a>, vilken \u00e4r en flerspr\u00e5kig elektronisk tidskrift f\u00f6r medeltidsstudier som granskas av sakkunniga. Glossa ger ut tidskriften och st\u00f6der den finansiellt, men tidskriftens redaktionsr\u00e5d beslutar om granskare och godk\u00e4nnande av artiklar baserat p\u00e5 vetenskapliga kriterier. Mirators redaktionsr\u00e5d fungerar oberoende av f\u00f6reningen och leds av chefredakt\u00f6rerna.<\/span><\/p>\n<h2>Bli medlem<\/h2>\n<p>Om du vill bli medlem i Glossa skall du kontakta f\u00f6reningens skattm\u00e4stare (taloudenhoitaja(at)glossa.fi &#8211; v\u00e4nligen inkludera ditt namn, kommun\/stad, e-postadress och typ av medlemsavgift). Medlemsavgiften \u00e4r 17\u20ac (studerande f\u00f6r grundexamen 10\u20ac, familjeavgift 25\u20ac).<\/p>\n<h2>Styrelse (2026)<\/h2>\n<ul>\n<li><strong>Anni Hella, <\/strong>fil.dr. (TY), ordf\u00f6rande: puheenjohtaja(at)glossa.fi<\/li>\n<li><strong>Kirsi Vikman<\/strong>, ped.dr., teol.mag. (HY), vice ordf\u00f6rande<\/li>\n<li><strong>Katri Vuola<\/strong>, fil.dr. (SKS\/Aalto), sekreterare<\/li>\n<li><strong>Mira Harjunp\u00e4\u00e4<\/strong>, fil.mag. (HY), skattm\u00e4stare: taloudenhoitaja(at)glossa.fi<\/li>\n<li><strong>Ida Meerto, <\/strong>fil.mag. (TY), meddelare: tiedottaja(at)glossa.fi<\/li>\n<li><strong>Sanni Salomaa, <\/strong>fil.mag. (TY)<\/li>\n<li><strong>Harry L\u00f6nnroth<\/strong>, prof. (JY)<\/li>\n<li><strong>Jaakkojuhani Peltonen,<\/strong> doc. (TaY)<\/li>\n<li><strong>Marko Halonen,<\/strong> fil.dr. (HY)<\/li>\n<\/ul>\n<p><strong>Suppleanter<\/strong>:<\/p>\n<ul>\n<li><strong>Kristel Markus-Ven\u00e4l\u00e4inen<\/strong>, fil.mag (HY)<\/li>\n<li><strong>Susanna Niiranen<\/strong>, doc. (TaY)<\/li>\n<li><b>Millamari<\/b> <strong>Kalliola<\/strong>, fil.mag. (JY)<\/li>\n<li><strong>Outi Kaltio,<\/strong> fil.dr. (HY)<\/li>\n<\/ul>\n","protected":false},"excerpt":{"rendered":"<p>Glossa &#8211; S\u00e4llskapet f\u00f6r medeltidsforskning grundades \u00e5r 1996. Glossa betyder kommentar eller tolkning. F\u00f6reningens medlemmar utforskar, begrundar och kommenterar medeltiden multidisciplin\u00e4rt. I Glossa m\u00f6ts professionella medeltidsforskare och personer som \u00e4r intresserade av den aktuella forskningen. Glossas syfte \u00e4r att \u00f6ka kunskapen om det medeltida \u00d6st- och V\u00e4steuropa samt befr\u00e4mja forskningen och undervisningen om medeltiden i [&hellip;]<\/p>\n","protected":false},"author":1,"featured_media":0,"parent":0,"menu_order":0,"comment_status":"closed","ping_status":"open","template":"","meta":[],"_links":{"self":[{"href":"https:\/\/www.glossa.fi\/wp\/index.php?rest_route=\/wp\/v2\/pages\/115"}],"collection":[{"href":"https:\/\/www.glossa.fi\/wp\/index.php?rest_route=\/wp\/v2\/pages"}],"about":[{"href":"https:\/\/www.glossa.fi\/wp\/index.php?rest_route=\/wp\/v2\/types\/page"}],"author":[{"embeddable":true,"href":"https:\/\/www.glossa.fi\/wp\/index.php?rest_route=\/wp\/v2\/users\/1"}],"replies":[{"embeddable":true,"href":"https:\/\/www.glossa.fi\/wp\/index.php?rest_route=%2Fwp%2Fv2%2Fcomments&post=115"}],"version-history":[{"count":35,"href":"https:\/\/www.glossa.fi\/wp\/index.php?rest_route=\/wp\/v2\/pages\/115\/revisions"}],"predecessor-version":[{"id":2674,"href":"https:\/\/www.glossa.fi\/wp\/index.php?rest_route=\/wp\/v2\/pages\/115\/revisions\/2674"}],"wp:attachment":[{"href":"https:\/\/www.glossa.fi\/wp\/index.php?rest_route=%2Fwp%2Fv2%2Fmedia&parent=115"}],"curies":[{"name":"wp","href":"https:\/\/api.w.org\/{rel}","templated":true}]}}