{"id":2,"date":"2015-03-15T12:01:49","date_gmt":"2015-03-15T12:01:49","guid":{"rendered":"http:\/\/www.glossa.fi\/wp\/?page_id=2"},"modified":"2026-04-27T15:31:20","modified_gmt":"2026-04-27T12:31:20","slug":"sample-page","status":"publish","type":"page","link":"https:\/\/www.glossa.fi\/wp\/","title":{"rendered":"Glossa ry"},"content":{"rendered":"<p><strong>Keskiajan tutkimuksen seura Glossa ry.<\/strong> perustettiin vuonna 1996. <a href=\"http:\/\/www.glossa.fi\/etymologia.php\">Glossa tarkoittaa kommenttia tai tulkintaa<\/a>. Yhdistyksemme j\u00e4senet tutkivat, pohtivat ja kommentoivat keskiajan maailmaa monitieteisesti. Glossassa kohtaavat keskiajan tutkimuksen ammattitekij\u00e4t ja ajankohtaisesta tutkimuksesta kiinnostuneet harrastajat. Glossan tarkoituksena on vahvistaa it\u00e4isen ja l\u00e4ntisen Euroopan keskiajan tuntemusta sek\u00e4 kehitt\u00e4\u00e4 alan tutkimusta ja opetusta Suomessa. Meit\u00e4 kiinnostavat my\u00f6s kaikkien keskiajan tutkimuksen piiriss\u00e4 toimivien tutkijoiden ja opiskelijoiden yhteiset edut. Glossa ry. on <a href=\"http:\/\/www.tsv.fi\/\">Tieteellisten seurain valtuuskunnan j\u00e4sen<\/a>.<\/p>\n<p><strong>Monitieteisyys ja valtakunnallisuus<\/strong> ovat Glossan toiminnan t\u00e4rkeit\u00e4 l\u00e4ht\u00f6kohtia. Tervetulleita mukaan toimintaan ovat niin historiasta, teologiasta, taidehistoriasta, kielitieteist\u00e4 kuin muistakin tutkimusaloista kiinnostuneet kaikissa Suomen kaupungeissa. Glossa j\u00e4rjest\u00e4\u00e4 mm. esitelm\u00e4- ja seminaaritilaisuuksia. Yksi p\u00e4\u00e4tapahtumistamme on joka toinen vuosi jossakin Suomen yliopistokaupungissa j\u00e4rjestett\u00e4v\u00e4 monip\u00e4iv\u00e4inen Dies Medievales -konferenssi, joka kokoaa yhteen laajan joukon keskiajan asiantuntijoita ja kiinnostunutta yleis\u00f6\u00e4. Esitelm\u00e4tilaisuuksissa kuulemme ajankohtaisista keskiaika-aiheisista tutkimushankkeista ja julkaisuista. Kaikki kiinnostuneet ovat tervetulleita mukaan kuuntelemaan ja keskustelemaan.<\/p>\n","protected":false},"excerpt":{"rendered":"<p>Keskiajan tutkimuksen seura Glossa ry. perustettiin vuonna 1996. Glossa tarkoittaa kommenttia tai tulkintaa. Yhdistyksemme j\u00e4senet tutkivat, pohtivat ja kommentoivat keskiajan maailmaa monitieteisesti. Glossassa kohtaavat keskiajan tutkimuksen ammattitekij\u00e4t ja ajankohtaisesta tutkimuksesta kiinnostuneet harrastajat. Glossan tarkoituksena on vahvistaa it\u00e4isen ja l\u00e4ntisen Euroopan keskiajan tuntemusta sek\u00e4 kehitt\u00e4\u00e4 alan tutkimusta ja opetusta Suomessa. Meit\u00e4 kiinnostavat my\u00f6s kaikkien keskiajan tutkimuksen [&hellip;]<\/p>\n","protected":false},"author":1,"featured_media":0,"parent":0,"menu_order":0,"comment_status":"open","ping_status":"open","template":"","meta":[],"_links":{"self":[{"href":"https:\/\/www.glossa.fi\/wp\/index.php?rest_route=\/wp\/v2\/pages\/2"}],"collection":[{"href":"https:\/\/www.glossa.fi\/wp\/index.php?rest_route=\/wp\/v2\/pages"}],"about":[{"href":"https:\/\/www.glossa.fi\/wp\/index.php?rest_route=\/wp\/v2\/types\/page"}],"author":[{"embeddable":true,"href":"https:\/\/www.glossa.fi\/wp\/index.php?rest_route=\/wp\/v2\/users\/1"}],"replies":[{"embeddable":true,"href":"https:\/\/www.glossa.fi\/wp\/index.php?rest_route=%2Fwp%2Fv2%2Fcomments&post=2"}],"version-history":[{"count":7,"href":"https:\/\/www.glossa.fi\/wp\/index.php?rest_route=\/wp\/v2\/pages\/2\/revisions"}],"predecessor-version":[{"id":2710,"href":"https:\/\/www.glossa.fi\/wp\/index.php?rest_route=\/wp\/v2\/pages\/2\/revisions\/2710"}],"wp:attachment":[{"href":"https:\/\/www.glossa.fi\/wp\/index.php?rest_route=%2Fwp%2Fv2%2Fmedia&parent=2"}],"curies":[{"name":"wp","href":"https:\/\/api.w.org\/{rel}","templated":true}]}}