{"id":32,"date":"2015-03-15T14:25:01","date_gmt":"2015-03-15T14:25:01","guid":{"rendered":"http:\/\/www.glossa.fi\/wp\/?page_id=32"},"modified":"2026-01-21T13:32:50","modified_gmt":"2026-01-21T11:32:50","slug":"hallitus","status":"publish","type":"page","link":"https:\/\/www.glossa.fi\/wp\/?page_id=32","title":{"rendered":"Yhdistys"},"content":{"rendered":"\n<h2>Glossan hallitus 2026<\/h2>\n\n\n<p><strong>Puheenjohtaja<\/strong>:<\/p>\n<p>FT Anni Hella (TY): puheenjohtaja(at)glossa.fi<\/p>\n<p><strong>Hallituksen j\u00e4senet<\/strong>:<\/p>\n<p>KT, TM Kirsi Vikman (HY), varapuheenjohtaja<\/p>\n<p>FT Katri Vuola (SKS\/Aalto), sihteeri<\/p>\n<p>FM Mira Harjunp\u00e4\u00e4 (HY), taloudenhoitaja: taloudenhoitaja(at)glossa.fi<\/p>\n<p>FM Ida Meerto (TY), tiedottaja: tiedottaja(at)glossa.fi<\/p>\n<p>FM Sanni Salomaa (TY)<\/p>\n<p>Prof. Harry L\u00f6nnroth (JY)<\/p>\n<p>Dos. Jaakkojuhani Peltonen (TaY)<\/p>\n<p>FT Marko Halonen (HY)<\/p>\n<p><strong>Varaj\u00e4senet<\/strong>:<\/p>\n<p>FM Kristel Markus-Ven\u00e4l\u00e4inen (HY)<\/p>\n<p>Dos. Susanna Niiranen (TaY)<\/p>\n<p>FM Millamari Kalliola (JY)<\/p>\n<p>FT Outi Kaltio (HY)<\/p>\n<p><a title=\"Edelliset hallitukset\" href=\"http:\/\/www.glossa.fi\/wp\/?page_id=96\">Edelliset hallitukset<\/a> <big>|<\/big> <a title=\"S\u00e4\u00e4nn\u00f6t\" href=\"http:\/\/www.glossa.fi\/wp\/?page_id=35\">Yhdistyksen s\u00e4\u00e4nn\u00f6t<\/a> <big>|<\/big> <a title=\"Glossan syntyhistoria\" href=\"http:\/\/www.glossa.fi\/wp\/?page_id=107\">Glossan syntyhistoria<\/a> <big>|<\/big><\/p>","protected":false},"excerpt":{"rendered":"<p>Glossan hallitus 2026 Puheenjohtaja: FT Anni Hella (TY): puheenjohtaja(at)glossa.fi Hallituksen j\u00e4senet: KT, TM Kirsi Vikman (HY), varapuheenjohtaja FT Katri Vuola (SKS\/Aalto), sihteeri FM Mira Harjunp\u00e4\u00e4 (HY), taloudenhoitaja: taloudenhoitaja(at)glossa.fi FM Ida Meerto (TY), tiedottaja: tiedottaja(at)glossa.fi FM Sanni Salomaa (TY) Prof. Harry L\u00f6nnroth (JY) Dos. Jaakkojuhani Peltonen (TaY) FT Marko Halonen (HY) Varaj\u00e4senet: FM Kristel Markus-Ven\u00e4l\u00e4inen (HY) [&hellip;]<\/p>\n","protected":false},"author":1,"featured_media":0,"parent":0,"menu_order":0,"comment_status":"open","ping_status":"open","template":"","meta":[],"_links":{"self":[{"href":"https:\/\/www.glossa.fi\/wp\/index.php?rest_route=\/wp\/v2\/pages\/32"}],"collection":[{"href":"https:\/\/www.glossa.fi\/wp\/index.php?rest_route=\/wp\/v2\/pages"}],"about":[{"href":"https:\/\/www.glossa.fi\/wp\/index.php?rest_route=\/wp\/v2\/types\/page"}],"author":[{"embeddable":true,"href":"https:\/\/www.glossa.fi\/wp\/index.php?rest_route=\/wp\/v2\/users\/1"}],"replies":[{"embeddable":true,"href":"https:\/\/www.glossa.fi\/wp\/index.php?rest_route=%2Fwp%2Fv2%2Fcomments&post=32"}],"version-history":[{"count":37,"href":"https:\/\/www.glossa.fi\/wp\/index.php?rest_route=\/wp\/v2\/pages\/32\/revisions"}],"predecessor-version":[{"id":2672,"href":"https:\/\/www.glossa.fi\/wp\/index.php?rest_route=\/wp\/v2\/pages\/32\/revisions\/2672"}],"wp:attachment":[{"href":"https:\/\/www.glossa.fi\/wp\/index.php?rest_route=%2Fwp%2Fv2%2Fmedia&parent=32"}],"curies":[{"name":"wp","href":"https:\/\/api.w.org\/{rel}","templated":true}]}}