{"id":35,"date":"2015-03-15T14:25:45","date_gmt":"2015-03-15T14:25:45","guid":{"rendered":"http:\/\/www.glossa.fi\/wp\/?page_id=35"},"modified":"2026-03-25T10:14:10","modified_gmt":"2026-03-25T08:14:10","slug":"saannot","status":"publish","type":"page","link":"https:\/\/www.glossa.fi\/wp\/?page_id=35","title":{"rendered":"S\u00e4\u00e4nn\u00f6t"},"content":{"rendered":"\n<p>4.8.2022<\/p>\n\n\n<p><b>1\u00a7<\/b> Yhdistyksen nimi on Glossa &#8211; Keskiajan tutkimuksen seura ry. Yhdistyksen kotipaikka on Helsinki. Yhdistyksen virallinen kieli on suomi.<\/p>\n<p><b>2\u00a7<\/b> Yhdistyksen tarkoituksena on kehitt\u00e4\u00e4 keskiajan tutkimusta ja tuntemusta sek\u00e4 toimia keskiajan tutkijoiden ja harrastajien yhdyssiteen\u00e4.<\/p>\n<p><b>3\u00a7<\/b> Tarkoituksensa toteuttamiseksi yhdistys voi:<\/p>\n<ul>\n<li>j\u00e4rjest\u00e4\u00e4 kokouksia, esitelmi\u00e4, opetustilaisuuksia tai muita tarkoitusta edist\u00e4vi\u00e4 tapahtumia<\/li>\n<li>antaa lausuntoja toimialaansa liittyviss\u00e4 kysymyksiss\u00e4<\/li>\n<li>perustaa hallituksen alaisuudessa toimivia toimikuntia yhdistyksen aatteellisen toiminnan eri alueille<\/li>\n<li>harjoittaa tiedotus- ja julkaisutoimintaa<\/li>\n<\/ul>\n<p>Toimintansa tukemiseksi yhdistys voi:<\/p>\n<ul>\n<li>ottaa vastaan lahjoituksia ja avustuksia<\/li>\n<li>j\u00e4rjest\u00e4\u00e4 maksullisia tilaisuuksia<\/li>\n<li>peri\u00e4 j\u00e4senmaksua<\/li>\n<\/ul>\n<p><b>4\u00a7<\/b> Yhdistyksell\u00e4 on vuosij\u00e4seni\u00e4 ja kunniaj\u00e4seni\u00e4. Vuosij\u00e4seneksi voivat liitty\u00e4 kaikki ne henkil\u00f6t, jotka haluavat edist\u00e4\u00e4 yhdistyksen tarkoitusperi\u00e4 ja jotka hallitus j\u00e4seniksi hyv\u00e4ksyy. Kunniaj\u00e4seneksi voidaan kutsua eritt\u00e4in ansioitunut keskiajan tutkija. Kunniaj\u00e4sen valitaan kymmenen j\u00e4senen kirjallisesta ehdotuksesta kahdessa per\u00e4kk\u00e4isess\u00e4 kokouksessa, jolloin esityksen tulee saada 5\/6 annetuista \u00e4\u00e4nist\u00e4.<\/p>\n<p><b>5\u00a7<\/b> Vuosij\u00e4sen suorittaa yhdistykselle syyskokouksen m\u00e4\u00e4r\u00e4\u00e4m\u00e4n j\u00e4senmaksun. Vuosij\u00e4sen, joka kahtena per\u00e4tt\u00e4isen\u00e4 vuonna on laiminly\u00f6nyt j\u00e4senmaksun suorittamisen, voidaan hallituksen p\u00e4\u00e4t\u00f6ksell\u00e4 erottaa yhdistyksest\u00e4 sit\u00e4 seuraavan vuoden alusta. Kunniaj\u00e4senelt\u00e4 ei perit\u00e4 j\u00e4senmaksua.<\/p>\n<p><b>6\u00a7<\/b> Yhdistyksen toiminnasta vastaa hallitus. Hallitukseen kuuluu syyskokouksessa valittavat puheenjohtaja ja kahdeksan muuta varsinaista j\u00e4sent\u00e4 sek\u00e4 n\u00e4ille nelj\u00e4 varaj\u00e4sent\u00e4. J\u00e4senet ja varaj\u00e4senet valitaan kahden vuoden toimikaudeksi siten, ett\u00e4 puolet hallituksen j\u00e4senist\u00e4 on vuosittain erovuorossa. Hallitus valitsee varapuheenjohtajan, taloudenhoitajan ja sihteerin. Yhdistyksen kokous tai hallitus voi nimet\u00e4 my\u00f6s muita toimihenkil\u00f6it\u00e4.<\/p>\n<p><b>7\u00a7<\/b> Hallitus kokoontuu puheenjohtajan tai h\u00e4nen estyneen\u00e4 ollessaan varapuheenjohtajan kutsusta. Hallitus on p\u00e4\u00e4t\u00f6svaltainen, kun puheenjohtaja tai h\u00e4nen estyneen\u00e4 olleessaan varapuheenjohtaja ja nelj\u00e4 hallituksen j\u00e4sent\u00e4 on l\u00e4sn\u00e4. Kutsu hallituksen kokoukseen on esitett\u00e4v\u00e4 hallituksen j\u00e4senille v\u00e4hint\u00e4\u00e4n 14 vuorokautta ennen hallituksen kokousta.<\/p>\n<p><b>8\u00a7<\/b> Yhdistyksen nimen kirjoittaa puheenjohtaja, varapuheenjohtaja, taloudenhoitaja ja sihteeri, aina kaksi yhdess\u00e4.<\/p>\n<p><b>9\u00a7<\/b> Yhdistyksen tili- ja toimikausi on kalenterivuosi. Yhdistyksen tilivuoden hallintoa ja tilej\u00e4 tarkastamaan valitaan syyskokouksessa kaksi varsinaista toiminnantarkastajaa ja heille kaksi varatoiminnantarkastajaa. Edellisen vuoden tilit on j\u00e4tett\u00e4v\u00e4 tarkastettavaksi viimeist\u00e4\u00e4n kolme viikkoa ennen kev\u00e4tkokousta.<\/p>\n<p><b>10\u00a7<\/b> Yhdistyksen p\u00e4\u00e4tt\u00e4v\u00e4n\u00e4 elimen\u00e4 on yhdistyksen kokous. Yhdistyksen kokouksia j\u00e4rjestet\u00e4\u00e4n v\u00e4hint\u00e4\u00e4n kaksi. Kev\u00e4tkokous pidet\u00e4\u00e4n helmi-huhtikuussa ja syyskokous pidet\u00e4\u00e4n loka-joulukuussa, hallituksen m\u00e4\u00e4r\u00e4\u00e4min\u00e4 p\u00e4ivin\u00e4. Muita kokouksia pidet\u00e4\u00e4n tarpeen mukaan yhdistyslain 20\u00a7:n mukaisesti. Yhdistyksen kokoukseen on mahdollista osallistua et\u00e4yhteyden v\u00e4lityksell\u00e4.<\/p>\n<p><b>11\u00a7<\/b> Kev\u00e4tkokouksessa k\u00e4sitell\u00e4\u00e4n seuraavat asiat:<\/p>\n<ul>\n<li>hallituksen kertomus edellisen vuoden toiminnasta<\/li>\n<li>tilit ja toiminnantarkastajien lausunto<\/li>\n<li>edellisen vuoden tilinp\u00e4\u00e4t\u00f6ksen vahvistaminen<\/li>\n<li>vastuuvapauden my\u00f6nt\u00e4minen tilivelvollisille<\/li>\n<li>muut hallituksen esitt\u00e4m\u00e4t asiat ja kokoukselle tehdyt yleiset esitykset, jotka tulee j\u00e4tt\u00e4\u00e4 kirjallisina yhdistyksen hallitukselle kaksi viikkoa ennen kokousp\u00e4iv\u00e4\u00e4<\/li>\n<\/ul>\n<p>Syyskokouksessa k\u00e4sitell\u00e4\u00e4n seuraavat asiat:<\/p>\n<ul>\n<li>vahvistetaan seuraavan vuoden toimintasuunnitelma ja talousarvio<\/li>\n<li>m\u00e4\u00e4r\u00e4t\u00e4\u00e4n j\u00e4senmaksun suuruus seuraavalle vuodelle<\/li>\n<li>valitaan yhdistyksen hallituksen puheenjohtaja, hallituksen muut j\u00e4senet sek\u00e4 muut tarvittavat toimihenkil\u00f6t seuraavalle vuodelle<\/li>\n<li>valitaan seuraavan toimikauden tilej\u00e4 tarkistamaan kaksi toiminnantarkastajaa ja heille kaksi varatoiminnantarkastajaa<\/li>\n<li>muut hallituksen esitt\u00e4m\u00e4t asiat ja kokoukselle tehdyt yleiset esitykset, jotka tulee j\u00e4tt\u00e4\u00e4 kirjallisina yhdistyksen hallitukselle kaksi viikkoa ennen kokousp\u00e4iv\u00e4\u00e4.<\/li>\n<\/ul>\n<p><b>12\u00a7<\/b> Kutsut yhdistyksen kokoukseen on toimitettava j\u00e4senille j\u00e4sentiedotteella v\u00e4hint\u00e4\u00e4n nelj\u00e4toista p\u00e4iv\u00e4\u00e4 ennen kokousta.<\/p>\n<p><b>13\u00a7<\/b> N\u00e4m\u00e4 s\u00e4\u00e4nn\u00f6t voidaan muuttaa, tai yhdistys purkaa, jos niin p\u00e4\u00e4tet\u00e4\u00e4n 3\/4 enemmist\u00f6ll\u00e4 annetuista \u00e4\u00e4nist\u00e4 kahdessa, v\u00e4hint\u00e4\u00e4n kuukauden v\u00e4liajoin pidetyss\u00e4 per\u00e4kk\u00e4isess\u00e4 yhdistyksen kokouksessa. Jos yhdistys purkautuu, on sen varat ja omaisuus luovutettava jollekin rekister\u00f6idylle yhdistykselle tai sellaisen laitoksen hyv\u00e4ksi, jolla on yhdistyksen tarkoitusperi\u00e4 vastaavaa toimintaa.<\/p>","protected":false},"excerpt":{"rendered":"<p>4.8.2022 1\u00a7 Yhdistyksen nimi on Glossa &#8211; Keskiajan tutkimuksen seura ry. Yhdistyksen kotipaikka on Helsinki. Yhdistyksen virallinen kieli on suomi. 2\u00a7 Yhdistyksen tarkoituksena on kehitt\u00e4\u00e4 keskiajan tutkimusta ja tuntemusta sek\u00e4 toimia keskiajan tutkijoiden ja harrastajien yhdyssiteen\u00e4. 3\u00a7 Tarkoituksensa toteuttamiseksi yhdistys voi: j\u00e4rjest\u00e4\u00e4 kokouksia, esitelmi\u00e4, opetustilaisuuksia tai muita tarkoitusta edist\u00e4vi\u00e4 tapahtumia antaa lausuntoja toimialaansa liittyviss\u00e4 kysymyksiss\u00e4 [&hellip;]<\/p>\n","protected":false},"author":1,"featured_media":0,"parent":0,"menu_order":0,"comment_status":"open","ping_status":"open","template":"","meta":[],"_links":{"self":[{"href":"https:\/\/www.glossa.fi\/wp\/index.php?rest_route=\/wp\/v2\/pages\/35"}],"collection":[{"href":"https:\/\/www.glossa.fi\/wp\/index.php?rest_route=\/wp\/v2\/pages"}],"about":[{"href":"https:\/\/www.glossa.fi\/wp\/index.php?rest_route=\/wp\/v2\/types\/page"}],"author":[{"embeddable":true,"href":"https:\/\/www.glossa.fi\/wp\/index.php?rest_route=\/wp\/v2\/users\/1"}],"replies":[{"embeddable":true,"href":"https:\/\/www.glossa.fi\/wp\/index.php?rest_route=%2Fwp%2Fv2%2Fcomments&post=35"}],"version-history":[{"count":2,"href":"https:\/\/www.glossa.fi\/wp\/index.php?rest_route=\/wp\/v2\/pages\/35\/revisions"}],"predecessor-version":[{"id":2704,"href":"https:\/\/www.glossa.fi\/wp\/index.php?rest_route=\/wp\/v2\/pages\/35\/revisions\/2704"}],"wp:attachment":[{"href":"https:\/\/www.glossa.fi\/wp\/index.php?rest_route=%2Fwp%2Fv2%2Fmedia&parent=35"}],"curies":[{"name":"wp","href":"https:\/\/api.w.org\/{rel}","templated":true}]}}