{"id":38,"date":"2015-03-15T14:26:50","date_gmt":"2015-03-15T14:26:50","guid":{"rendered":"http:\/\/www.glossa.fi\/wp\/?page_id=38"},"modified":"2026-04-27T15:39:16","modified_gmt":"2026-04-27T12:39:16","slug":"liittyminen","status":"publish","type":"page","link":"https:\/\/www.glossa.fi\/wp\/?page_id=38","title":{"rendered":"Liittyminen"},"content":{"rendered":"<p>Yhdistyksen j\u00e4seniksi ovat tervetulleita tutkijat, opiskelijat ja kaikki keskiajan tutkimustiedosta kiinnostuneet. Yhdistyksen yhteis\u00f6j\u00e4seniin kuuluu lis\u00e4ksi kirjastoja, yhdistyksi\u00e4 ja tutkimuslaitoksia. Yhteens\u00e4 j\u00e4seni\u00e4 on jo yli sata.<\/p>\n<p>J\u00e4senmaksut:<br \/>\ntavallinen: 17 EUR \/ vuosi<br \/>\nperustutkinto-opiskelijat: 10 EUR \/ vuosi<br \/>\nperhej\u00e4senet: 25 EUR \/ vuosi koko perheelt\u00e4 yhteens\u00e4<br \/>\nyhteis\u00f6t: 25 EUR \/ vuosi<\/p>\n<p>Liittyminen k\u00e4y k\u00e4tev\u00e4sti ottamalla yhteytt\u00e4 taloudenhoitajaan osoitteella taloudenhoitaja(at)<a href=\"http:\/\/glossa.fi\" target=\"_blank\" rel=\"noopener noreferrer\" data-saferedirecturl=\"https:\/\/www.google.com\/url?q=http:\/\/glossa.fi&amp;source=gmail&amp;ust=1663847694595000&amp;usg=AOvVaw1lpF8Ew_1sGIg32isb2TXS\">glossa.fi<\/a>. Kerro viestiss\u00e4 nimesi, kotipaikkakuntasi ja s\u00e4hk\u00f6postiosoitteesi sek\u00e4 j\u00e4senmaksun tyyppi.<\/p>\n<p><strong>S\u00e4hk\u00f6postilista<\/strong><\/p>\n<p>Toiminnastamme tiedotetaan s\u00e4hk\u00f6postilistalla, jolle voit liitty\u00e4 l\u00e4hett\u00e4m\u00e4ll\u00e4 viestin &#8221;subscribe glossa-list&#8221; osoitteeseen majordomo(at)lista.tsv.fi. T\u00e4ll\u00e4 hetkell\u00e4 j\u00e4senin\u00e4 on yli 100 tutkijaa ja opiskelijaa keskiajan tutkimuksen eri aloilta. Jos haluat poistaa osoitteesi listalta, l\u00e4het\u00e4 viesti Glossan taloudenhoitajalle: taloudenhoitaja@glossa.fi.<\/p>\n","protected":false},"excerpt":{"rendered":"<p>Yhdistyksen j\u00e4seniksi ovat tervetulleita tutkijat, opiskelijat ja kaikki keskiajan tutkimustiedosta kiinnostuneet. Yhdistyksen yhteis\u00f6j\u00e4seniin kuuluu lis\u00e4ksi kirjastoja, yhdistyksi\u00e4 ja tutkimuslaitoksia. Yhteens\u00e4 j\u00e4seni\u00e4 on jo yli sata. J\u00e4senmaksut: tavallinen: 17 EUR \/ vuosi perustutkinto-opiskelijat: 10 EUR \/ vuosi perhej\u00e4senet: 25 EUR \/ vuosi koko perheelt\u00e4 yhteens\u00e4 yhteis\u00f6t: 25 EUR \/ vuosi Liittyminen k\u00e4y k\u00e4tev\u00e4sti ottamalla yhteytt\u00e4 taloudenhoitajaan [&hellip;]<\/p>\n","protected":false},"author":1,"featured_media":0,"parent":0,"menu_order":0,"comment_status":"open","ping_status":"open","template":"","meta":[],"_links":{"self":[{"href":"https:\/\/www.glossa.fi\/wp\/index.php?rest_route=\/wp\/v2\/pages\/38"}],"collection":[{"href":"https:\/\/www.glossa.fi\/wp\/index.php?rest_route=\/wp\/v2\/pages"}],"about":[{"href":"https:\/\/www.glossa.fi\/wp\/index.php?rest_route=\/wp\/v2\/types\/page"}],"author":[{"embeddable":true,"href":"https:\/\/www.glossa.fi\/wp\/index.php?rest_route=\/wp\/v2\/users\/1"}],"replies":[{"embeddable":true,"href":"https:\/\/www.glossa.fi\/wp\/index.php?rest_route=%2Fwp%2Fv2%2Fcomments&post=38"}],"version-history":[{"count":17,"href":"https:\/\/www.glossa.fi\/wp\/index.php?rest_route=\/wp\/v2\/pages\/38\/revisions"}],"predecessor-version":[{"id":2711,"href":"https:\/\/www.glossa.fi\/wp\/index.php?rest_route=\/wp\/v2\/pages\/38\/revisions\/2711"}],"wp:attachment":[{"href":"https:\/\/www.glossa.fi\/wp\/index.php?rest_route=%2Fwp%2Fv2%2Fmedia&parent=38"}],"curies":[{"name":"wp","href":"https:\/\/api.w.org\/{rel}","templated":true}]}}