{"id":41,"date":"2015-03-15T14:28:14","date_gmt":"2015-03-15T14:28:14","guid":{"rendered":"http:\/\/www.glossa.fi\/wp\/?page_id=41"},"modified":"2021-03-15T16:24:52","modified_gmt":"2021-03-15T14:24:52","slug":"linkit","status":"publish","type":"page","link":"https:\/\/www.glossa.fi\/wp\/?page_id=41","title":{"rendered":"Linkit"},"content":{"rendered":"\n<p>T\u00e4\u00e4lt\u00e4 l\u00f6yd\u00e4t linkkej\u00e4 keskiajan tutkimusta k\u00e4sitteleville ja tukeville sivustoille. Alempaa l\u00f6yd\u00e4t my\u00f6s <a href=\"#keskiaikaablogeissa\">p\u00e4ivittyv\u00e4n listan keskiaika-aiheisista blogeista ja sosiaalisen median tileist\u00e4<\/a>.<\/p>\n\n\n\n<p><b>Kotimaisia ja kansainv\u00e4lisi\u00e4 seuroja ja verkostoja<\/b><br><a href=\"http:\/\/www.protsv.fi\/bts\/\">Bysantin tutkimuksen seura<\/a><br><a href=\"https:\/\/klassillisfilologinenyhdistys.wordpress.com\/\">Klassillis-filologinen yhdistys<\/a><br><a href=\"http:\/\/www.mediaevistenverband.de\/\">Medi\u00e4vistenverband<\/a><br><a href=\"https:\/\/www.jyu.fi\/hytk\/fi\/laitokset\/kivi\/tutkimus\/hankkeet\/ramus-virens\">Ramus virens &#8211; JYU Medieval Studies<\/a><br><a href=\"http:\/\/www.skas.fi\/\">Suomen keskiajan arkeologian seura<\/a><br><a href=\"https:\/\/research.uta.fi\/trivium-fi\/\">Trivium. Tampere Centre for Classical, Medieval and Renaissance Studies<\/a><br><a href=\"https:\/\/www.utu.fi\/fi\/yliopisto\/humanistinen-tiedekunta\/tucemems\">Turku Centre for Medieval and Early Modern Studies<\/a><\/p>\n\n\n\n<p><b>Portaaleja<\/b><br><a href=\"http:\/\/labyrinth.georgetown.edu\/\">The Labyrinth<\/a> <br><a href=\"http:\/\/www.menestrel.fr\/\">Menestrel<\/a> <br><a href=\"http:\/\/www.netserf.org\/\">NetSERF<\/a><br><a href=\"http:\/\/www.retimedievali.it\/\">Reti Medievali<\/a><\/p>\n\n\n\n<p><b>Vuosittaisia konferensseja<\/b><br><a href=\"http:\/\/www.wmich.edu\/medieval\/congress\/\">WMU (Kalamazoo) International Congress on Medieval Studies<\/a><br><a href=\"http:\/\/www.leeds.ac.uk\/ims\/imc\/index.html\">Leeds International Medieval Congress<\/a><\/p>\n\n\n\n<p><b>L\u00e4hteit\u00e4<\/b><br><a rel=\"noreferrer noopener\" href=\"https:\/\/www.bl.uk\/manuscripts\/\" target=\"_blank\">British Libraryn digitoidut keskiaikaiset k\u00e4sikirjoitukset<\/a> ja <em><a href=\"https:\/\/www.bl.uk\/catalogues\/illuminatedmanuscripts\/welcome.htm\" target=\"_blank\" rel=\"noreferrer noopener\">Catalogue of illuminated manuscripts<\/a><\/em><br><a href=\"http:\/\/quod.lib.umich.edu\/c\/cme\/\">Corpus of Middle English Prose and Verse<\/a><br><a rel=\"noreferrer noopener\" href=\"https:\/\/digital.bodleian.ox.ac.uk\/\" target=\"_blank\">Digital Bodleian<\/a> &amp; <a href=\"https:\/\/medieval.bodleian.ox.ac.uk\/\">Medieval Manuscripts in Oxford Libraries<\/a><br><a href=\"http:\/\/www.documentacatholicaomnia.eu\/\">Documenta Catholica Omnia<\/a><br><a href=\"http:\/\/gallica.bnf.fr\/\">Gallica, Biblioth\u00e9que nationale de France digital library<\/a><br><a href=\"http:\/\/www.archive.org\/index.php\">Internet Archive<\/a><br><a href=\"http:\/\/www.fordham.edu\/halsall\/sbook.html\">Internet Medieval Sourcebook<\/a><br><a href=\"https:\/\/www.kansalliskirjasto.fi\/fi\/uutiset\/tutustu-keskiajan-suomeen-verkossa\">Kansalliskirjaston keskiajan aineistot<\/a><br><a href=\"https:\/\/blogs.helsinki.fi\/lombardus\/\">Lombardus. Keskiajan filosofian ja teologian suomennoksia<\/a><br><a href=\"http:\/\/pld.chadwyck.co.uk\/\">Patrologia Latina Online<\/a><\/p>\n\n\n\n<hr class=\"wp-block-separator\"\/>\n\n\n\n<h3 id=\"keskiaikaablogeissa\">Keskiaikaa blogeissa ja sosiaalisessa mediassa<\/h3>\n\n\n\n<p><strong>Kotimaisten seurojen ja tutkimusyksik\u00f6iden blogeja<\/strong><br><a href=\"http:\/\/www.glossa.fi\/wp\/?page_id=123\">Glossa<\/a><br><a href=\"https:\/\/ramusvirens.home.blog\/\">Ramus virens<\/a> <br><a href=\"https:\/\/blogs.uta.fi\/trivium\/\">Trivium<\/a><br><a href=\"https:\/\/blogit.utu.fi\/tucemems\/\">TUCEMEMS<\/a><\/p>\n\n\n\n<p><strong>Tutkimushankkeiden blogeja<\/strong><br><a href=\"https:\/\/blogit.utu.fi\/wooden\/\">Muutoksen veist\u00e4j\u00e4t<\/a><br><a href=\"https:\/\/sites.utu.fi\/ossagloriosa\/\">Ossa Gloriosa<\/a> <br><a href=\"http:\/\/www.ravattula.fi\/blogi.htm\">Ravattulan ristim\u00e4ki<\/a><br><a href=\"http:\/\/www.vammaishistoria.fi\/\">Vammaisuuden vaiettu historia<\/a><\/p>\n\n\n\n<p><strong>Tutkijoiden blogeja<\/strong> <strong>ja nettijulkaisuja<\/strong><br><a href=\"https:\/\/blogs.helsinki.fi\/ssuppone\/\">Alphabetum<\/a> (Sanna Supponen)<br><a href=\"https:\/\/elaviakuolleita.wordpress.com\/\" target=\"_blank\" rel=\"noreferrer noopener\">El\u00e4v\u00e4t kuolleet keskiajan Islannissa<\/a> (Kirsi Kanerva)<br><a href=\"https:\/\/kalmistopiiri.fi\/\">Kalmistopiiri<\/a> (toim.  Ulla Moilanen)<br><a href=\"http:\/\/mullanalta.blogspot.com\/\">Mullan alta<\/a> (Ilari Aalto)<br><a href=\"http:\/\/obskuriteettikabinetti.home.blog\/\">Obskuriteettikabinetti<\/a> (Karolina Kouvola)<br><a href=\"https:\/\/www.publicmedievalist.com\/\">Public Medievalist<\/a> (englanniksi)<br><a href=\"https:\/\/reimavalimaki.com\/blogi\/\">Reima V\u00e4lim\u00e4en blogi<\/a><br><a href=\"https:\/\/blogs.helsinki.fi\/aijas\/\">Studia dimicatoria<\/a> (Antti Ij\u00e4s)<br><a href=\"http:\/\/sukututkijanloppuvuosi.blogspot.com\/\">Sukututkijan loppuvuosi<\/a> (Kaisa Kyl\u00e4koski)<br><a href=\"http:\/\/kulperi.blogspot.com\/\">Varsinais-Suomen kulttuuriperint\u00f6blogi<\/a> (Turun museokeskuksen \/ Varsinais-Suomen maakuntamuseon tutkijat)<\/p>\n\n\n\n<p><strong>Podcasteja<\/strong><br>Kidutetut neitsyet: <a href=\"https:\/\/open.spotify.com\/show\/35YVQJiyPfLt3WDdUCoRzJ\">Spotify<\/a>\/<a href=\"https:\/\/castbox.fm\/channel\/Kidutetut-Neitsyet-id2452569?country=gb\">Castbox<\/a><br>Menneisyyden j\u00e4ljill\u00e4: <a href=\"https:\/\/open.spotify.com\/show\/1RpTIFIbey9GmUfdTLsPgV\">Spotify<\/a>\/<a href=\"https:\/\/podtail.com\/en\/podcast\/menneisyyden-jaljilla\/\">Podtail<\/a><br><a href=\"https:\/\/www.medievalists.net\/category\/podcast\/\">The Medieval Podcast<\/a> (englanniksi)<br><a href=\"https:\/\/www.medievaldeathtrip.com\/\">Medieval Death Trip<\/a> (englanniksi)<br><a href=\"https:\/\/historyofphilosophy.net\/\">History of Philosophy Without Any Gaps<\/a> (englanniksi)<\/p>\n\n\n\n<p><strong>Youtube-kanavia<\/strong><br><a href=\"https:\/\/www.youtube.com\/channel\/UCDXHl--e8wQyczoYPkZAsEw\">Keskiajan Turku<\/a><br><a href=\"https:\/\/www.youtube.com\/channel\/UCJ3CMBjLL-vGjldC6fXPn9w\">Medieval Academy<\/a> (englanniksi)<\/p>\n","protected":false},"excerpt":{"rendered":"<p>T\u00e4\u00e4lt\u00e4 l\u00f6yd\u00e4t linkkej\u00e4 keskiajan tutkimusta k\u00e4sitteleville ja tukeville sivustoille. Alempaa l\u00f6yd\u00e4t my\u00f6s p\u00e4ivittyv\u00e4n listan keskiaika-aiheisista blogeista ja sosiaalisen median tileist\u00e4. Kotimaisia ja kansainv\u00e4lisi\u00e4 seuroja ja verkostojaBysantin tutkimuksen seuraKlassillis-filologinen yhdistysMedi\u00e4vistenverbandRamus virens &#8211; JYU Medieval StudiesSuomen keskiajan arkeologian seuraTrivium. Tampere Centre for Classical, Medieval and Renaissance StudiesTurku Centre for Medieval and Early Modern Studies PortaalejaThe Labyrinth Menestrel [&hellip;]<\/p>\n","protected":false},"author":1,"featured_media":0,"parent":0,"menu_order":0,"comment_status":"closed","ping_status":"closed","template":"","meta":[],"_links":{"self":[{"href":"https:\/\/www.glossa.fi\/wp\/index.php?rest_route=\/wp\/v2\/pages\/41"}],"collection":[{"href":"https:\/\/www.glossa.fi\/wp\/index.php?rest_route=\/wp\/v2\/pages"}],"about":[{"href":"https:\/\/www.glossa.fi\/wp\/index.php?rest_route=\/wp\/v2\/types\/page"}],"author":[{"embeddable":true,"href":"https:\/\/www.glossa.fi\/wp\/index.php?rest_route=\/wp\/v2\/users\/1"}],"replies":[{"embeddable":true,"href":"https:\/\/www.glossa.fi\/wp\/index.php?rest_route=%2Fwp%2Fv2%2Fcomments&post=41"}],"version-history":[{"count":10,"href":"https:\/\/www.glossa.fi\/wp\/index.php?rest_route=\/wp\/v2\/pages\/41\/revisions"}],"predecessor-version":[{"id":1992,"href":"https:\/\/www.glossa.fi\/wp\/index.php?rest_route=\/wp\/v2\/pages\/41\/revisions\/1992"}],"wp:attachment":[{"href":"https:\/\/www.glossa.fi\/wp\/index.php?rest_route=%2Fwp%2Fv2%2Fmedia&parent=41"}],"curies":[{"name":"wp","href":"https:\/\/api.w.org\/{rel}","templated":true}]}}