{"id":49,"date":"2015-03-15T17:02:32","date_gmt":"2015-03-15T15:02:32","guid":{"rendered":"http:\/\/www.glossa.fi\/wp\/?page_id=49"},"modified":"2026-01-22T11:05:00","modified_gmt":"2026-01-22T09:05:00","slug":"mirator-2","status":"publish","type":"page","link":"https:\/\/www.glossa.fi\/wp\/?page_id=49","title":{"rendered":"Mirator"},"content":{"rendered":"<p>Glossa ry. julkaisee vuosittain vertaisarvioitua monikielist\u00e4 keskiajan tutkimukseen erikoistunutta verkkolehte\u00e4 <a href=\"https:\/\/journal.fi\/mirator\" target=\"_blank\" rel=\"noopener\">Miratoria<\/a>. Glossa julkaisee lehte\u00e4 ja tukee sit\u00e4 taloudellisesti, mutta p\u00e4\u00e4t\u00f6kset vertaisarvioijista ja hyv\u00e4ksytt\u00e4vist\u00e4 artikkeleista tekee itsen\u00e4isesti ja tieteellisten kriteerien pohjalta Miratorin toimituskunta. Toimituskunta on Glossan hallinnosta erillinen elin, jota johtaa Miratorin p\u00e4\u00e4toimittaja tai p\u00e4\u00e4toimittajat. <span lang=\"EN-US\">Toimituskunta t\u00e4ydent\u00e4\u00e4 itse itse\u00e4\u00e4n.<\/span> Vuotta 2018 edelt\u00e4vien julkaisujen arkisto l\u00f6ytyy <a href=\"http:\/\/www.glossa.fi\/mirator\" target=\"_blank\" rel=\"noopener noreferrer\">t\u00e4\u00e4lt\u00e4<\/a>.<\/p>\n<p>***<\/p>\n<div class=\"xdj266r x11i5rnm xat24cr x1mh8g0r x1vvkbs x126k92a\">\n<div dir=\"auto\">The latest issue of Mirator (Vol. 25\/2) has been published! Our warmest thanks to all writers and reviewers!<\/div>\n<\/div>\n<div class=\"x11i5rnm xat24cr x1mh8g0r x1vvkbs xtlvy1s x126k92a\">\n<div dir=\"auto\">You can access the issue at <a class=\"x1i10hfl xjbqb8w x1ejq31n xd10rxx x1sy0etr x17r0tee x972fbf xcfux6l x1qhh985 xm0m39n x9f619 x1ypdohk xt0psk2 xe8uvvx xdj266r x11i5rnm xat24cr x1mh8g0r xexx8yu x4uap5 x18d9i69 xkhd6sd x16tdsg8 x1hl2dhg xggy1nq x1a2a7pz xt0b8zv x1fey0fg\" tabindex=\"0\" role=\"link\" href=\"http:\/\/journal.fi\/mirator?fbclid=IwAR1cc8N4a47l94BzTd9rGb6g-0SZ6CwLVv4j2c4jfVrdj-BwpArYgPq4_cw\" target=\"_blank\" rel=\"nofollow noopener noreferrer\">http:\/\/journal.fi\/mirator<\/a><\/div>\n<\/div>\n<div dir=\"auto\">\n<h3>Vol 25 Nro 2 (2025): Between Science and Magic<\/h3>\n<p><strong>Edited by Ida Meerto, Sara Norja, and Karolina Kouvola<\/strong><\/p>\n<\/div>\n<div class=\"x11i5rnm xat24cr x1mh8g0r x1vvkbs xtlvy1s x126k92a\">\n<div dir=\"auto\"><\/div>\n<\/div>\n<div class=\"x11i5rnm xat24cr x1mh8g0r x1vvkbs xtlvy1s x126k92a\">\n<div dir=\"auto\"><strong>TABLE OF CONTENTS<\/strong><\/div>\n<\/div>\n<div dir=\"auto\">\n<h4 class=\"title\"><a id=\"article-177331\" href=\"https:\/\/journal.fi\/mirator\/article\/view\/177331\">Between Science and Magic: Foreword<\/a><br \/>\n<strong>Ida Meerto, Karolina Kouvola, and Sara Norja<\/strong><\/h4>\n<\/div>\n<div dir=\"auto\">\n<h4 class=\"title\"><a id=\"article-163035\" href=\"https:\/\/journal.fi\/mirator\/article\/view\/163035\">Sources of Astrology and Secret Knowledge in Konrad Kyeser&#8217;s Bellifortis<\/a><br \/>\n<strong>Antti Ij\u00e4s<\/strong><\/h4>\n<\/div>\n<div class=\"x11i5rnm xat24cr x1mh8g0r x1vvkbs xtlvy1s x126k92a\">\n<div dir=\"auto\">\n<div class=\"meta\">\n<div>\n<div class=\"meta\">\n<div>\n<div class=\"meta\">\n<div>\n<div class=\"meta\">\n<div>\n<div class=\"meta\">\n<div>\n<div class=\"meta\">\n<div>\n<div class=\"meta\">\n<div>\n<div class=\"meta\">\n<div>\n<div class=\"meta\">\n<div>\n<div class=\"meta\">\n<div>\n<div class=\"meta\">\n<div>\n<div class=\"meta\">\n<div>\n<div class=\"meta\">\n<div class=\"authors\">\n<h4 class=\"title\"><a id=\"article-162976\" href=\"https:\/\/journal.fi\/mirator\/article\/view\/162976\">Medicine and Magic in Early Modern English Witchcraft Pamphlets<\/a><br \/>\n<strong>Carla Suhr<\/strong><\/h4>\n<h4 class=\"title\"><a id=\"article-178448\" href=\"https:\/\/journal.fi\/mirator\/article\/view\/178448\">Book-review: Medieval Perceptions of Magic, Science, and the Natural World. Borderlines, eds. Carolina Escobar-Vargas &amp; Anne Lawrence-Mathers<\/a><br \/>\n<strong>Mari-Liisa Varila<\/strong><\/h4>\n<h4 class=\"title\"><a id=\"article-178436\" href=\"https:\/\/journal.fi\/mirator\/article\/view\/178436\">Book review: Frisian Land Law: A Critical Edition and Translation of the Freeska Landriucht, eds. Han Nijdam, Jan Hallebeek &amp; Hylkje de Jong<\/a><br \/>\n<strong>Mia Korpiola<\/strong><\/h4>\n<h4 class=\"title\"><a id=\"article-178442\" href=\"https:\/\/journal.fi\/mirator\/article\/view\/178442\">Book review: Inventing the Church: The Pull of the Past in Ecclesial Politics, B\u00e9n\u00e9dicte S\u00e8re<\/a><br \/>\n<strong>Reima V\u00e4lim\u00e4ki<\/strong><\/h4>\n<\/div>\n<\/div>\n<\/div>\n<\/div>\n<\/div>\n<\/div>\n<\/div>\n<\/div>\n<\/div>\n<\/div>\n<\/div>\n<\/div>\n<\/div>\n<\/div>\n<\/div>\n<\/div>\n<\/div>\n<\/div>\n<\/div>\n<\/div>\n<\/div>\n<\/div>\n<\/div>\n<\/div>\n<\/div>\n<\/div>\n<\/div>\n<\/div>\n","protected":false},"excerpt":{"rendered":"<p>Glossa ry. julkaisee vuosittain vertaisarvioitua monikielist\u00e4 keskiajan tutkimukseen erikoistunutta verkkolehte\u00e4 Miratoria. Glossa julkaisee lehte\u00e4 ja tukee sit\u00e4 taloudellisesti, mutta p\u00e4\u00e4t\u00f6kset vertaisarvioijista ja hyv\u00e4ksytt\u00e4vist\u00e4 artikkeleista tekee itsen\u00e4isesti ja tieteellisten kriteerien pohjalta Miratorin toimituskunta. Toimituskunta on Glossan hallinnosta erillinen elin, jota johtaa Miratorin p\u00e4\u00e4toimittaja tai p\u00e4\u00e4toimittajat. Toimituskunta t\u00e4ydent\u00e4\u00e4 itse itse\u00e4\u00e4n. Vuotta 2018 edelt\u00e4vien julkaisujen arkisto l\u00f6ytyy t\u00e4\u00e4lt\u00e4. [&hellip;]<\/p>\n","protected":false},"author":1,"featured_media":0,"parent":0,"menu_order":0,"comment_status":"closed","ping_status":"closed","template":"","meta":[],"_links":{"self":[{"href":"https:\/\/www.glossa.fi\/wp\/index.php?rest_route=\/wp\/v2\/pages\/49"}],"collection":[{"href":"https:\/\/www.glossa.fi\/wp\/index.php?rest_route=\/wp\/v2\/pages"}],"about":[{"href":"https:\/\/www.glossa.fi\/wp\/index.php?rest_route=\/wp\/v2\/types\/page"}],"author":[{"embeddable":true,"href":"https:\/\/www.glossa.fi\/wp\/index.php?rest_route=\/wp\/v2\/users\/1"}],"replies":[{"embeddable":true,"href":"https:\/\/www.glossa.fi\/wp\/index.php?rest_route=%2Fwp%2Fv2%2Fcomments&post=49"}],"version-history":[{"count":8,"href":"https:\/\/www.glossa.fi\/wp\/index.php?rest_route=\/wp\/v2\/pages\/49\/revisions"}],"predecessor-version":[{"id":2685,"href":"https:\/\/www.glossa.fi\/wp\/index.php?rest_route=\/wp\/v2\/pages\/49\/revisions\/2685"}],"wp:attachment":[{"href":"https:\/\/www.glossa.fi\/wp\/index.php?rest_route=%2Fwp%2Fv2%2Fmedia&parent=49"}],"curies":[{"name":"wp","href":"https:\/\/api.w.org\/{rel}","templated":true}]}}