{"id":96,"date":"2015-04-11T18:15:09","date_gmt":"2015-04-11T15:15:09","guid":{"rendered":"http:\/\/www.glossa.fi\/wp\/?page_id=96"},"modified":"2026-01-21T13:28:09","modified_gmt":"2026-01-21T11:28:09","slug":"edelliset-hallitukset","status":"publish","type":"page","link":"https:\/\/www.glossa.fi\/wp\/?page_id=96","title":{"rendered":"Edelliset hallitukset"},"content":{"rendered":"\n<h2>2025<\/h2>\n\n\n\n<ul><li><strong>Anna-Stina H\u00e4gglund <\/strong>FT (TaY), puheenjohtaja<\/li><li><strong>Jyrki Nissi<\/strong>, FT (TaY\/Unipd), varapuheenjohtaja<\/li><li><strong>Mira Harjunp\u00e4\u00e4<\/strong>, FM (HY), taloudenhoitaja<\/li><li><strong>Anni Hella<em>, <\/em><\/strong>FT (TY), tiedottaja<\/li><li><strong>Katri Vuola<\/strong>, FT (SKS\/Aalto), sihteeri<\/li><li><strong>Lauri Ockenstr\u00f6m<\/strong>, FT (JY)<\/li><li><strong>Sara Norja<\/strong>, FT (TY)<\/li><li><strong>Kirsi Vikman<\/strong>, KT, TM (HY)<\/li><li><strong>Sanni Salomaa<\/strong>, FM (TY)<\/li><\/ul>\n\n\n\n<p>Varaj\u00e4senet:<\/p>\n\n\n\n<ul><li><strong>Taneli Puputti<\/strong>, FT (JY)<\/li><li><strong>Harry L\u00f6nnroth<\/strong>, FT (JY)<\/li><li><strong>Anna lehto, <\/strong>FM, (HY): anna.f.lehto(at)helsinki.fi<\/li><li><strong>Jaakkojuhani Peltonen<\/strong>, FT (TaY)<\/li><\/ul>\n\n\n<h2>2024<\/h2>\n<p>Anna-Stina H\u00e4gglund , FT (TaY), puheenjohtaja<br \/>Antti Ij\u00e4s, FT (HY), varapuheenjohtaja<br \/>Tia Niemel\u00e4, FM (HY), taloudenhoitaja<br \/>Anni Hella, FT (TY), tiedottaja<br \/>Katri Vuola, FT (HY), sihteeri<br \/>Anita Geritz-Zhuang, FM (HY)<br \/>Taneli Puputti, FM (JY)<br \/>Jyrki Nissi, FT (TaY)<br \/>Lauri Ockenstr\u00f6m, FT (JY)<\/p>\n<p><strong>Varaj\u00e4senet:\u00a0<\/strong><\/p>\n<p>Sara Norja, FT (TY)<br \/>Kirsi Salonen, FT, OTT (TY)<br \/>Anna Lehto, FM (HY)<br \/>Saku Pihko, FT (TaY)<\/p>\n<h2>2021<\/h2>\n<p>Sanna Supponen, FM (HY), puheenjohtaja<br \/>Olli Lampinen-Enqvist, TM (HY), varapuheenjohtaja<br \/>Katja F\u00e4lt, FT (JY)<br \/>Anita Geritz, FM (HY), tiedotusvastaava<br \/>Lauri Ockenstr\u00f6m, FT (JY)<br \/>Saku Pihko, FM (TaY)<br \/>Kirsi Salonen, FT, OTT (TY)<br \/>Tapio Salminen, FT (TaY)<br \/>Henna Paasonen, FM, sihteeri, Glossae-blogin p\u00e4\u00e4toimittaja<\/p>\n<p><strong>Varaj\u00e4senet<\/strong><\/p>\n<p>Leena Enqvist, TM, HuK (HY)<br \/>Antti Ij\u00e4s, FM (HY)<br \/>Karolina Kouvola, TM (HY)<br \/>Tia Niemel\u00e4, FM (HY), taloudenhoitaja ja j\u00e4sensihteeri<\/p>\n<h2>2020<\/h2>\n<p>Kirsi Kanerva, FT (HY), puheenjohtaja<br \/>Olli Lampinen-Enqvist, TM (HY), varapuheenjohtaja<br \/>Katja F\u00e4lt, FT (JY)<br \/>Anita Geritz, Huk (HY), tiedotusvastaava, Glossaen p\u00e4\u00e4toimittaja<br \/>Lauri Ockenstr\u00f6m, FT (JY)<br \/>Saku Pihko, FM (TaY)<br \/>Marika R\u00e4s\u00e4nen, FT, dos. (TY)<br \/>Tapio Salminen, FT (TaY)<br \/>Sanna Supponen, FM (HY), taloudenhoitaja ja j\u00e4sensihteeri, tiedotustiimi<\/p>\n<p><strong>Varaj\u00e4senet<\/strong><\/p>\n<p>Henna Paasonen, FM (HY), sihteeri<br \/>Leena Enqvist, TM, HuK (HY)<br \/>Antti Ij\u00e4s, FM (HY)<br \/>Karolina Kouvola, TM (HY), tiedotustiimi<\/p>\n<h2>2019<\/h2>\n<p>Kirsi Kanerva, FT (TY), puheenjohtaja<br \/>Katja F\u00e4lt, FT (JY), varapuheenjohtaja<br \/>Anita Geritz, hum. yo. (HY), tiedottaja, Glossaen p\u00e4\u00e4toimittaja<br \/>Karolina Kouvola, TM (HY), tiedotustiimi<br \/>Olli Lampinen-Enqvist, TM (HY)<br \/>Saku Pihko, FM (TaY)<br \/>Marika R\u00e4s\u00e4nen, FT, dos. (TY)<br \/>Tapio Salminen, FT (TaY)<br \/>Sanna Supponen, FM, (HY), taloudenhoitaja ja j\u00e4sensihteeri, tiedotustiimi<\/p>\n<p><strong>Varaj\u00e4senet<\/strong><\/p>\n<p>Henna Paasonen, FM (HY), sihteeri<br \/>Leena Enqvist, TM, HuK (HY)<br \/>Antti Ij\u00e4s, FM (HY)<br \/>Lauri Ockenstr\u00f6m, FT (JY)<\/p>\n<h2>2018<\/h2>\n<p>Kirsi Kanerva, FT (TY), puheenjohtaja<br \/>Katja F\u00e4lt, FT (JY), varapuheenjohtaja<br \/>Anita Geritz, hum. yo. (HY), tiedottaja<br \/>Lauri Hirvonen, FM (HY), taloudenhoitaja ja j\u00e4sensihteeri<br \/>Maria Kallio, FM (TY)<br \/>Karolina Kouvola, TM (HY)<br \/>Olli Lampinen-Enqvist, TM (HY), sihteeri<br \/>Marika R\u00e4s\u00e4nen, FT (TY)<br \/>Tapio Salminen, FT (TaY)<\/p>\n<p><strong>Varaj\u00e4senet<\/strong><\/p>\n<p>Leena Enqvist, TM, HuK (HY)<br \/>Jenni Kuuliala, FT (TaY)<br \/>Lauri Ockenstr\u00f6m, FT (JY)<br \/>Sanna Supponen, FM, teol. yo. (HY), tiedottaja (fb, twitter)<\/p>\n<h2>2017<\/h2>\n<p>Reima V\u00e4lim\u00e4ki, FT (TY), puheenjohtaja<br \/>Kirsi Kanerva, FT (TY), varapuheenjohtaja<br \/>Olli Lampinen-Enqvist, TM (HY), sihteeri<br \/>Lauri Hirvonen, FM (HY), taloudenhoitaja ja j\u00e4sensihteeri<br \/>Katja F\u00e4lt, FT (JY)<br \/>Lauri Leinonen, FM (HY)<br \/>Maria Kallio, FM (TY)<br \/>Karolina Kouvola, TM (HY), tiedottaja<br \/>Marika R\u00e4s\u00e4nen, FT (TY)<\/p>\n<p><strong>Varaj\u00e4senet<\/strong><\/p>\n<p>Leena Enqvist, TM, HuK (HY)<br \/>Jenni Kuuliala, FT (TaY)<br \/>Anu Lahtinen, FT, dos. (TY)<br \/>Sanna Supponen, FM, teol. yo. (HY)<\/p>\n<h2>2015<\/h2>\n<p>Reima V\u00e4lim\u00e4ki, FM (TY), puheenjohtaja<br \/>Katja F\u00e4lt, FT (JY)<br \/>Lauri Hirvonen, FM (HY)<br \/>Maria Kallio, FM (TY)<br \/>Kirsi Kanerva, FM (TY), varapuheenjohtaja<br \/>Karolina Kouvola, TM (HY), tiedottaja<br \/>Olli Lampinen-Enqvist, TM (HY), sihteeri<br \/>Lauri Leinonen, FM (HY), taloudenhoitaja ja j\u00e4sensihteeri<br \/>Marika R\u00e4s\u00e4nen, FT (TY)<\/p>\n<p><strong>Varaj\u00e4senet<\/strong><\/p>\n<p>Leena Enqvist, TM, HuK (HY)<br \/>Jenni Kuuliala, FT (Universit\u00e4t Bremen, TaY)<br \/>Anu Lahtinen, FT, dos. (TY)<br \/>Tom Linkinen, FT (TY)<\/p>\n<h2>2014<\/h2>\n<p>Leena Enqvist, TM, HuK (HY), puheenjohtaja<br \/>Lauri Hirvonen, FM (HY), rahastonhoitaja ja j\u00e4sensihteeri<br \/>Maria Kallio, FM (TuY)<br \/>Kirsi Kanerva, FM (TuY)<br \/>Teemu Korpij\u00e4rvi, FM (It\u00e4-Suomen yliopisto), sihteeri<br \/>Karolina Kouvola, TM (HY)<br \/>Piia Lempi\u00e4inen, HuK (HY)<br \/>Lauri Leinonen, FM (HY)<br \/>Reima V\u00e4lim\u00e4ki, FM (TuY)<\/p>\n<p><strong>Varaj\u00e4senet<\/strong><\/p>\n<p>Jenni Kuuliala, FT (Universit\u00e4t Bremen), tiedottaja<br \/>Anu Lahtinen, FT, dos. (TuY)<br \/>Olli Lampinen, TK (HY)<br \/>Juho Wilskman, FM (HY)<\/p>\n<h2>2013<\/h2>\n<p>Jesse Keskiaho, FT (HY), puheenjohtaja<br \/>Teemu Korpij\u00e4rvi, FM (HY)<br \/>Anne Tucker, FM (HY)<br \/>Piia Lempi\u00e4inen, HuK (HY)<br \/>Leena Enqvist, TM, HuK (HY)<br \/>Lauri Leinonen, HuK, (HY)<br \/>Kirsi Kanerva, FM (TuY)<br \/>Karolina Kouvola, TM (HY)<br \/>Maria Kallio, FM (TuY)<\/p>\n<p><strong>Varaj\u00e4senet<\/strong><\/p>\n<p>Lauri Hirvonen, (HY)<br \/>Jenni Kuuliala, FT (TaY)<br \/>Anu Lahtinen, FT, dos. (HY)<br \/>Juho Wilskman, FM (HY)<\/p>\n<h2>2012<\/h2>\n<p>Jesse Keskiaho, FM (HY), puheenjohtaja<br \/>Teemu Korpij\u00e4rvi, (HY), varapuheenjohtaja, Glossaen p\u00e4\u00e4toimittaja<br \/>Anne Tucker, FM (HY), sihteeri<br \/>Piia Lempi\u00e4inen, HuK (HY), rahastonhoitaja ja j\u00e4sensihteeri<br \/>Jenni Kuuliala, FM, (TaY), tiedotusvastaava<br \/>Leena Enqvist, TM, HuK (HY)<br \/>Mari Isoaho, FT, (HY)<br \/>Lauri Leinonen, HuK, (HY)<br \/>Reima V\u00e4lim\u00e4ki, FM, (TuY)<\/p>\n<p><strong>Varaj\u00e4senet<\/strong><\/p>\n<p>Kirsi Kanerva, FM, (TuY)<br \/>Rose-Marie Peake, FM (HY)<br \/>Anu Lahtinen, FT (TuY)<br \/>Mervi Suhonen, FM (HY)<\/p>\n<h2>2011<\/h2>\n<p>Elina R\u00e4s\u00e4nen, FT (HY), puheenjohtaja<br \/>Rose-Marie Peake, FM (HY), sihteeri<br \/>Mari Isoaho, FT (HCAS)<br \/>Olli-Pekka Kasurinen, (HY)<br \/>Jesse Keskiaho, FM, (HY), Miratorin p\u00e4\u00e4toimittaja<br \/>Jenni Kuuliala, FM (TaY), tiedotusvastaava<br \/>Piia Lempi\u00e4inen, HuK (HY)<br \/>Mervi Suhonen, FM (HY &amp; TuY), Glossaen p\u00e4\u00e4toimittaja<br \/>Anne Tucker, FM (HY) rahastonhoitaja<\/p>\n<p><strong>Varaj\u00e4senet<\/strong><\/p>\n<p>Sini Kangas, FT (HY)<br \/>Reima V\u00e4lm\u00e4ki, FM (TuY)<br \/>Teemu Korpij\u00e4rvi, (HY)<br \/>Alpo Honkapohja, FL (HY)<\/p>\n<h2>2010<\/h2>\n<p>Elina R\u00e4s\u00e4nen, FT (HY), puheenjohtaja<br \/>Jesse Keskiaho, FM (HY), varapuheenjohtaja, Miratorin p\u00e4\u00e4toimittaja<br \/>Alpo Honkapohja, FM (HY), sihteeri<br \/>Olli-Pekka Kasurinen, fil. yo. (HY), taloudenhoitaja<br \/>Jenni Kuuliala, FM (TaY), tiedotusvastaava<br \/>Rose-Marie Peake, FM (HY), j\u00e4sensihteeri<br \/>Mervi Suhonen, FM (HY &amp; TuY), Glossae<br \/>Tuija Ainonen, FM (UofToronto), Authorities-konferenssi<br \/>Sini Kangas, FT (HY, HCAS), Authorities-konferenssi<\/p>\n<p><strong>Varaj\u00e4senet<\/strong><\/p>\n<p>Tuula Hockman, FT (TaY)<br \/>Ilkka Leskel\u00e4, FM (HY)<br \/>P\u00e4ivi R\u00e4is\u00e4nen, FM (Georg-August-Universit\u00e4t G\u00f6ttingen)<br \/>Sari Katajala-Peltomaa, FT (TaY)<\/p>\n<h2>2009<\/h2>\n<p>Sini Kangas, FT (HY), puheenjohtaja<br \/>Anna Ripatti, FM (HY), sihteeri<br \/>Olli-Pekka Kasurinen, fil. yo. (HY), talous<br \/>Tuija Ainonen, FM (UofToronto), Glossae-lehti<br \/>Alpo Honkapohja, FM (HY)<br \/>Jesse Keskiaho, FM (HY), verkkolehti Mirator<br \/>Ilkka Leskel\u00e4, FM (HY)<br \/>P\u00e4ivi R\u00e4is\u00e4nen, FM (Georg-August-Universit\u00e4t G\u00f6ttingen)<br \/>Elina R\u00e4s\u00e4nen, FM (HY)<br \/>Mervi Suhonen, FM (HY&amp;TaY)<br \/>Tuula Hockman, FT (TaY)<br \/>Satu Lidman, FL (JoY)<\/p>\n<p><strong>Varaj\u00e4senet<\/strong><\/p>\n<p>Mia Korpiola, OTT (HY)<br \/>Pia Tolvanen, HuK (JY)<br \/>Sari Katajala-Peltomaa, FT (TaY), DM2008-yhteyshl\u00f6<\/p>\n<h2>2008<\/h2>\n<p>pj. Sini Kangas<br \/>vpj. Jesse Keskiaho<br \/>siht. Anna Ripatti<br \/>rah. hoit. Olli-Pekka Kasurinen<br \/>Tuija Ainonen<br \/>Alpo Honkapohja<br \/>Ilkka Leskel\u00e4<br \/>Elina R\u00e4s\u00e4nen<br \/>Mervi Suhonen<\/p>\n<p><strong>Varaj\u00e4senet:<\/strong><\/p>\n<p>Tuula Hockman<br \/>Mia Korpiola<br \/>Satu Lidman<br \/>P\u00e4ivi R\u00e4is\u00e4nen<\/p>\n<p><strong>Syyskokouksen nimitt\u00e4min\u00e4 yliopistojen yhteishenkil\u00f6in\u00e4 toimivat lis\u00e4ksi<\/strong>:<br \/>Sari Katajala-Peltomaa, DM 2008 yhteyshenkil\u00f6<br \/>Pia Tolvanen<\/p>\n<h2>2007<\/h2>\n<p>pj. Eva Ahl (31.5. saakka)<br \/>vpj. Jesse Keskiaho<br \/>siht. Anna Ripatti<br \/>rah. hoit. Olli-Pekka Kasurinen<br \/>Tuija Ainonen<br \/>Alaric Hall<br \/>Satu Lidman<br \/>Elina R\u00e4s\u00e4nen<\/p>\n<p><strong>Varaj\u00e4senet:<\/strong><\/p>\n<p>Tuula Hockman<br \/>Kirsi Kallioniemi-Holmberg<br \/>Mia Korpiola<br \/>Mervi Suhonen<\/p>\n<p><strong>Syyskokouksen nimitt\u00e4min\u00e4 toimihenkil\u00f6in\u00e4 hallitukseen kuuluivat:<\/strong><\/p>\n<p>Inka Moilanen, Oulu-yhteyshenkil\u00f6<br \/>Pia Tolvanen, Jyv\u00e4skyl\u00e4-yhteyshenkil\u00f6<br \/>Sari Katajala-Peltomaa, DM 2008 yhteyshenkil\u00f6<br \/>Ralf Palmgren, historia, arkistovastaava<\/p>\n<h2>2006<\/h2>\n<p>pj. Anu Lahtinen<br \/>vpj. Pia Tolvanen<br \/>siht. Ossi Kokkonen<br \/>rah. hoit. Olli-Pekka Kasurinen<br \/>Satu Lidman<br \/>Tuija Ainonen<br \/>Jesse Keskiaho<br \/>Sofia Lahti<br \/>Inka Moilanen<\/p>\n<p><strong>Varaj\u00e4senet:<\/strong><\/p>\n<p>Mia Korpiola<br \/>Marko Lamberg<br \/>Hanna-Leena Sainio<br \/>Jaakko Tahkokallio<\/p>\n<h2>2005<\/h2>\n<p>pj. Anu Lahtinen<br \/>vpj. Pia Tolvanen<br \/>siht. Vesa-Matti Ovaska<br \/>rah. hoit. Sofia Lahti<br \/>Sini Kangas<br \/>Hanna-Leena Sainio<br \/>Marko Lamberg (Mirator-vastaava)<br \/>Mia Korpiola<br \/>Eva Ahl Glossaen p\u00e4\u00e4toimittaja<br \/>Satu Lidman<br \/>Inka Moilanen<br \/>Tuomas M.S. Lehtonen (DM 2004-vastaava)<\/p>\n<h2>2004<\/h2>\n<p>pj. Anu Lahtinen<br \/>vpj. Pia Tolvanen<br \/>siht. Vesa-Matti Ovaska<br \/>rah. hoit. Sofia Lahti<br \/>Sini Kangas<br \/>Hanna-Leena Sainio<br \/>Marko Lamberg (Mirator-vastaava)<br \/>Mia Korpiola<br \/>Eva Ahl, Glossaen toimittaja<br \/>Satu Lidman<br \/>Inka Moilanen<br \/>Tuomas M.S. Lehtonen (DM 2004-vastaava)<\/p>\n<h2>2003<\/h2>\n<p>pj. Anu Lahtinen<br \/>vpj. Pia Tolvanen<br \/>siht. Sini Kangas<br \/>rah.hoit. Sofia Lahti<br \/>Glossaen p\u00e4\u00e4toim. Eva Ahl<br \/>Tuomas M.S. Lehtonen (DM 2004)<br \/>Satu Lidman<br \/>Tapio Salminen<\/p>\n<p><strong>Varaj\u00e4senet:<\/strong><\/p>\n<p>Mari M\u00e4ki-Pet\u00e4ys<br \/>Jeanette Lindblom<br \/>Tuomas Heikkil\u00e4<br \/>Marko Lamberg (Mirator-yhteyshenkil\u00f6)<\/p>\n<h2>2002<\/h2>\n<p>pj. Anu Lahtinen<br \/>vpj. Christian Kr\u00f6tzl<br \/>siht. Sini Kangas<br \/>rah.hoit. Eva Ahl<br \/>Jukka Korpela<br \/>Tuomas Heikkil\u00e4<br \/>Jeanette Lindblom<br \/>Ritva Palm\u00e9n<\/p>\n<p><strong>Varaj\u00e4senet:<\/strong><\/p>\n<p>Meri Heinonen<br \/>Tapio Salminen<br \/>Leena Valkeap\u00e4\u00e4<\/p>\n<h2>2001<\/h2>\n<p>pj. Tuomas Heikkil\u00e4<br \/>Eva Ahl<br \/>Christian Kr\u00f6tzl<br \/>Jeanette Lindblom<br \/>Samu Niskanen<br \/>Ritva Palm\u00e9n<br \/>(Ossi Kokkonen)<\/p>\n<h2>2000<\/h2>\n<p>pj. Tuomas Heikkil\u00e4<br \/>siht. Samu Niskanen<br \/>Arja Karivieri<br \/>Laura Lahdensuu<br \/>Jeanette Lindblom<br \/>Mikko Piippo (varalla Ritva Palm\u00e9n)<\/p>\n<h2>1999<\/h2>\n<p>pj. Jeanette Lindblom<br \/>Mika Hakkarainen<br \/>Arja Karivieri<br \/>Marianna Niukkanen<br \/>Mikko Piippo<br \/>Heikki Saros<\/p>\n<h2>1998<\/h2>\n<p>pj. Jeanette Lindblom<br \/>Mika Hakkarainen<br \/>Arja Karivieri<br \/>Kalle Korhonen<br \/>Marianna Niukkanen<br \/>siht. Heikki Saros<\/p>\n<h2>1997<\/h2>\n<p>pj. Jeanette Lindblom<br \/>Derek Fewster<br \/>Mika Hakkarainen<br \/>Arja Karivieri<br \/>Marianna Niukkanen<br \/>Heikki Saros<\/p>\n<h2>1996<\/h2>\n<p>pj. Jeanette Lindblom<br \/>Mika Hakkarainen<br \/>Marianna Niukkanen<br \/>Derek Fewster<br \/>Heikki Saros<br \/>Arja Karivieri<\/p>","protected":false},"excerpt":{"rendered":"<p>2025 Anna-Stina H\u00e4gglund FT (TaY), puheenjohtaja Jyrki Nissi, FT (TaY\/Unipd), varapuheenjohtaja Mira Harjunp\u00e4\u00e4, FM (HY), taloudenhoitaja Anni Hella, FT (TY), tiedottaja Katri Vuola, FT (SKS\/Aalto), sihteeri Lauri Ockenstr\u00f6m, FT (JY) Sara Norja, FT (TY) Kirsi Vikman, KT, TM (HY) Sanni Salomaa, FM (TY) Varaj\u00e4senet: Taneli Puputti, FT (JY) Harry L\u00f6nnroth, FT (JY) Anna lehto, FM, [&hellip;]<\/p>\n","protected":false},"author":1,"featured_media":0,"parent":32,"menu_order":0,"comment_status":"closed","ping_status":"open","template":"","meta":[],"_links":{"self":[{"href":"https:\/\/www.glossa.fi\/wp\/index.php?rest_route=\/wp\/v2\/pages\/96"}],"collection":[{"href":"https:\/\/www.glossa.fi\/wp\/index.php?rest_route=\/wp\/v2\/pages"}],"about":[{"href":"https:\/\/www.glossa.fi\/wp\/index.php?rest_route=\/wp\/v2\/types\/page"}],"author":[{"embeddable":true,"href":"https:\/\/www.glossa.fi\/wp\/index.php?rest_route=\/wp\/v2\/users\/1"}],"replies":[{"embeddable":true,"href":"https:\/\/www.glossa.fi\/wp\/index.php?rest_route=%2Fwp%2Fv2%2Fcomments&post=96"}],"version-history":[{"count":15,"href":"https:\/\/www.glossa.fi\/wp\/index.php?rest_route=\/wp\/v2\/pages\/96\/revisions"}],"predecessor-version":[{"id":2670,"href":"https:\/\/www.glossa.fi\/wp\/index.php?rest_route=\/wp\/v2\/pages\/96\/revisions\/2670"}],"up":[{"embeddable":true,"href":"https:\/\/www.glossa.fi\/wp\/index.php?rest_route=\/wp\/v2\/pages\/32"}],"wp:attachment":[{"href":"https:\/\/www.glossa.fi\/wp\/index.php?rest_route=%2Fwp%2Fv2%2Fmedia&parent=96"}],"curies":[{"name":"wp","href":"https:\/\/api.w.org\/{rel}","templated":true}]}}